{"id":5447,"date":"2023-11-14T07:54:09","date_gmt":"2023-11-14T06:54:09","guid":{"rendered":"https:\/\/winwinforwork.org\/adhesion-personnes\/"},"modified":"2025-08-13T06:12:13","modified_gmt":"2025-08-13T04:12:13","slug":"adhesion-personnes","status":"publish","type":"page","link":"https:\/\/winwinforwork.org\/fr\/adhesion-personnes\/","title":{"rendered":"Adh\u00e9sion personnes"},"content":{"rendered":"<div class=\"fusion-fullwidth fullwidth-box fusion-builder-row-1 fusion-flex-container has-pattern-background has-mask-background nonhundred-percent-fullwidth non-hundred-percent-height-scrolling\" style=\"--awb-border-radius-top-left:0px;--awb-border-radius-top-right:0px;--awb-border-radius-bottom-right:0px;--awb-border-radius-bottom-left:0px;--awb-padding-top:80px;--awb-padding-bottom:80px;--awb-padding-top-small:60px;--awb-padding-bottom-small:0px;--awb-flex-wrap:wrap;\" ><div class=\"fusion-builder-row fusion-row fusion-flex-align-items-flex-start fusion-flex-content-wrap\" style=\"max-width:1289.6px;margin-left: calc(-4% \/ 2 );margin-right: calc(-4% \/ 2 );\"><div class=\"fusion-layout-column fusion_builder_column fusion-builder-column-0 fusion_builder_column_2_3 2_3 fusion-flex-column\" style=\"--awb-bg-size:cover;--awb-width-large:66.666666666667%;--awb-margin-top-large:0px;--awb-spacing-right-large:2.88%;--awb-margin-bottom-large:0px;--awb-spacing-left-large:2.88%;--awb-width-medium:100%;--awb-order-medium:0;--awb-spacing-right-medium:1.92%;--awb-spacing-left-medium:1.92%;--awb-width-small:100%;--awb-order-small:0;--awb-spacing-right-small:1.92%;--awb-spacing-left-small:1.92%;\" data-scroll-devices=\"small-visibility,medium-visibility,large-visibility\"><div class=\"fusion-column-wrapper fusion-column-has-shadow fusion-flex-justify-content-flex-start fusion-content-layout-column\"><div class=\"fusion-title title fusion-title-1 fusion-sep-none fusion-title-text fusion-title-size-two\" style=\"--awb-text-color:var(--awb-color5);\"><h2 class=\"fusion-title-heading title-heading-left\" style=\"margin:0;\">Adh\u00e9sion WIN-WIN pour les personnes<\/h2><\/div><div class=\"fusion-text fusion-text-1\" style=\"--awb-font-size:var(--awb-typography2-font-size);--awb-line-height:var(--awb-typography2-line-height);--awb-letter-spacing:var(--awb-typography2-letter-spacing);--awb-text-transform:var(--awb-typography2-text-transform);--awb-text-font-family:var(--awb-typography2-font-family);--awb-text-font-weight:var(--awb-typography2-font-weight);--awb-text-font-style:var(--awb-typography2-font-style);\"><p>Vous trouverez tous les forfaits de services et les avantages WIN-WIN dans notre E-PAPER.<\/p>\n<\/div><div class=\"fusion-separator\" style=\"align-self: flex-start;margin-right:auto;margin-bottom:30px;width:100%;max-width:100px;\"><div class=\"fusion-separator-border sep-single\" style=\"--awb-height:20px;--awb-amount:20px;border-color:var(--awb-color5);border-top-width:2px;\"><\/div><\/div><\/div><\/div><div class=\"fusion-layout-column fusion_builder_column fusion-builder-column-1 fusion_builder_column_1_3 1_3 fusion-flex-column\" style=\"--awb-bg-size:cover;--awb-width-large:33.333333333333%;--awb-margin-top-large:0px;--awb-spacing-right-large:5.76%;--awb-margin-bottom-large:0px;--awb-spacing-left-large:5.76%;--awb-width-medium:100%;--awb-order-medium:0;--awb-spacing-right-medium:1.92%;--awb-spacing-left-medium:1.92%;--awb-width-small:100%;--awb-order-small:0;--awb-spacing-right-small:1.92%;--awb-spacing-left-small:1.92%;\" data-scroll-devices=\"small-visibility,medium-visibility,large-visibility\"><div class=\"fusion-column-wrapper fusion-column-has-shadow fusion-flex-justify-content-flex-start fusion-content-layout-column\"><div class=\"md-text-align-left sm-text-align-left\" style=\"text-align:center;\"><a class=\"fusion-button button-flat fusion-button-default-size button-default fusion-button-default button-1 fusion-button-default-span fusion-button-default-type\" target=\"_self\" href=\"https:\/\/winwinforwork.org\/produkt\/mitgliedschaft-privatperson\/\"><span class=\"fusion-button-text awb-button__text awb-button__text--default\">Souscrire \u00e0 une adh\u00e9sion priv\u00e9e<\/span><\/a><\/div><\/div><\/div><div class=\"fusion-layout-column fusion_builder_column fusion-builder-column-2 fusion_builder_column_1_1 1_1 fusion-flex-column\" style=\"--awb-bg-size:cover;--awb-width-large:100%;--awb-margin-top-large:0px;--awb-spacing-right-large:1.92%;--awb-margin-bottom-large:20px;--awb-spacing-left-large:1.92%;--awb-width-medium:100%;--awb-order-medium:0;--awb-margin-top-medium:40px;--awb-spacing-right-medium:1.92%;--awb-spacing-left-medium:1.92%;--awb-width-small:100%;--awb-order-small:0;--awb-margin-top-small:20px;--awb-spacing-right-small:1.92%;--awb-spacing-left-small:1.92%;\" data-scroll-devices=\"small-visibility,medium-visibility,large-visibility\"><div class=\"fusion-column-wrapper fusion-column-has-shadow fusion-flex-justify-content-flex-start fusion-content-layout-column\"><div class=\"_df_book df-container df-loading \" id=\"df_2064\"  data-page=\"2\" data-title=\"follower\" _slug=\"follower\" wpoptions=\"true\" thumbtype=\"img\" ><\/div><script class=\"df-shortcode-script\" type=\"application\/javascript\">window.option_df_2064 = {\"outline\":[],\"forceFit\":\"true\",\"autoEnableOutline\":\"false\",\"autoEnableThumbnail\":\"false\",\"overwritePDFOutline\":\"false\",\"direction\":\"1\",\"pageSize\":\"0\",\"source\":\"https:\\\/\\\/winwinforwork.org\\\/wp-content\\\/uploads\\\/2023\\\/11\\\/www_epaper_follower_2024_screen.pdf\",\"wpOptions\":\"true\"}; if(window.DFLIP && window.DFLIP.parseBooks){window.DFLIP.parseBooks();}<\/script><\/div><\/div><\/div><\/div>\n","protected":false},"excerpt":{"rendered":"","protected":false},"author":2,"featured_media":0,"parent":0,"menu_order":0,"comment_status":"closed","ping_status":"closed","template":"","meta":{"footnotes":""},"class_list":["post-5447","page","type-page","status-publish","hentry"],"yoast_head":"<!-- This site is optimized with the Yoast SEO Premium plugin v26.8 (Yoast SEO v27.4) - https:\/\/yoast.com\/product\/yoast-seo-premium-wordpress\/ -->\n<title>Adh\u00e9sion personnes - WIN-WIN FOR WORK<\/title>\n<meta name=\"robots\" content=\"index, follow, max-snippet:-1, max-image-preview:large, max-video-preview:-1\" \/>\n<link rel=\"canonical\" href=\"https:\/\/winwinforwork.org\/fr\/adhesion-personnes\/\" \/>\n<meta property=\"og:locale\" content=\"fr_FR\" \/>\n<meta property=\"og:type\" content=\"article\" \/>\n<meta property=\"og:title\" content=\"Adh\u00e9sion personnes\" \/>\n<meta property=\"og:url\" content=\"https:\/\/winwinforwork.org\/fr\/adhesion-personnes\/\" \/>\n<meta property=\"og:site_name\" content=\"WIN-WIN FOR WORK\" \/>\n<meta property=\"article:modified_time\" content=\"2025-08-13T04:12:13+00:00\" \/>\n<meta name=\"twitter:card\" content=\"summary_large_image\" \/>\n<meta name=\"twitter:label1\" content=\"Dur\u00e9e de lecture estim\u00e9e\" \/>\n\t<meta name=\"twitter:data1\" content=\"13 minutes\" \/>\n<script type=\"application\/ld+json\" class=\"yoast-schema-graph\">{\"@context\":\"https:\\\/\\\/schema.org\",\"@graph\":[{\"@type\":\"WebPage\",\"@id\":\"https:\\\/\\\/winwinforwork.org\\\/fr\\\/adhesion-personnes\\\/\",\"url\":\"https:\\\/\\\/winwinforwork.org\\\/fr\\\/adhesion-personnes\\\/\",\"name\":\"Adh\u00e9sion personnes - WIN-WIN FOR WORK\",\"isPartOf\":{\"@id\":\"https:\\\/\\\/winwinforwork.org\\\/fr\\\/#website\"},\"datePublished\":\"2023-11-14T06:54:09+00:00\",\"dateModified\":\"2025-08-13T04:12:13+00:00\",\"breadcrumb\":{\"@id\":\"https:\\\/\\\/winwinforwork.org\\\/fr\\\/adhesion-personnes\\\/#breadcrumb\"},\"inLanguage\":\"fr-FR\",\"potentialAction\":[{\"@type\":\"ReadAction\",\"target\":[\"https:\\\/\\\/winwinforwork.org\\\/fr\\\/adhesion-personnes\\\/\"]}]},{\"@type\":\"BreadcrumbList\",\"@id\":\"https:\\\/\\\/winwinforwork.org\\\/fr\\\/adhesion-personnes\\\/#breadcrumb\",\"itemListElement\":[{\"@type\":\"ListItem\",\"position\":1,\"name\":\"Page d'accueil\",\"item\":\"https:\\\/\\\/winwinforwork.org\\\/fr\\\/accueil\\\/\"},{\"@type\":\"ListItem\",\"position\":2,\"name\":\"Adh\u00e9sion personnes\"}]},{\"@type\":\"WebSite\",\"@id\":\"https:\\\/\\\/winwinforwork.org\\\/fr\\\/#website\",\"url\":\"https:\\\/\\\/winwinforwork.org\\\/fr\\\/\",\"name\":\"WIN-WIN FOR WORK | Change Management und Transformation als AI Service\",\"description\":\"Erfahren Sie, wie Change Management durch KI-Services revolutioniert wird und welche Rolle der Wandel in modernen Unternehmen spielt.\",\"publisher\":{\"@id\":\"https:\\\/\\\/winwinforwork.org\\\/fr\\\/#organization\"},\"alternateName\":\"POWER DUCK DER CHANGE MASTER ALS AI SERVICE\",\"potentialAction\":[{\"@type\":\"SearchAction\",\"target\":{\"@type\":\"EntryPoint\",\"urlTemplate\":\"https:\\\/\\\/winwinforwork.org\\\/fr\\\/?s={search_term_string}\"},\"query-input\":{\"@type\":\"PropertyValueSpecification\",\"valueRequired\":true,\"valueName\":\"search_term_string\"}}],\"inLanguage\":\"fr-FR\"},{\"@type\":\"Organization\",\"@id\":\"https:\\\/\\\/winwinforwork.org\\\/fr\\\/#organization\",\"name\":\"GAGNANT-GAGNANT POUR LE TRAVAIL\",\"url\":\"https:\\\/\\\/winwinforwork.org\\\/fr\\\/\",\"logo\":{\"@type\":\"ImageObject\",\"inLanguage\":\"fr-FR\",\"@id\":\"https:\\\/\\\/winwinforwork.org\\\/fr\\\/#\\\/schema\\\/logo\\\/image\\\/\",\"url\":\"https:\\\/\\\/winwinforwork.org\\\/wp-content\\\/uploads\\\/2024\\\/06\\\/logo-2.png\",\"contentUrl\":\"https:\\\/\\\/winwinforwork.org\\\/wp-content\\\/uploads\\\/2024\\\/06\\\/logo-2.png\",\"width\":1500,\"height\":800,\"caption\":\"GAGNANT-GAGNANT POUR LE TRAVAIL\"},\"image\":{\"@id\":\"https:\\\/\\\/winwinforwork.org\\\/fr\\\/#\\\/schema\\\/logo\\\/image\\\/\"},\"sameAs\":[\"https:\\\/\\\/www.linkedin.com\\\/company\\\/winwinforwork-gmbh\\\/\",\"https:\\\/\\\/www.instagram.com\\\/winwinforwork\\\/\"]}]}<\/script>\n<!-- \/ Yoast SEO Premium plugin. -->","yoast_head_json":{"title":"Adh\u00e9sion personnes - WIN-WIN FOR WORK","robots":{"index":"index","follow":"follow","max-snippet":"max-snippet:-1","max-image-preview":"max-image-preview:large","max-video-preview":"max-video-preview:-1"},"canonical":"https:\/\/winwinforwork.org\/fr\/adhesion-personnes\/","og_locale":"fr_FR","og_type":"article","og_title":"Adh\u00e9sion personnes","og_url":"https:\/\/winwinforwork.org\/fr\/adhesion-personnes\/","og_site_name":"WIN-WIN FOR WORK","article_modified_time":"2025-08-13T04:12:13+00:00","twitter_card":"summary_large_image","twitter_misc":{"Dur\u00e9e de lecture estim\u00e9e":"13 minutes"},"schema":{"@context":"https:\/\/schema.org","@graph":[{"@type":"WebPage","@id":"https:\/\/winwinforwork.org\/fr\/adhesion-personnes\/","url":"https:\/\/winwinforwork.org\/fr\/adhesion-personnes\/","name":"Adh\u00e9sion personnes - WIN-WIN FOR WORK","isPartOf":{"@id":"https:\/\/winwinforwork.org\/fr\/#website"},"datePublished":"2023-11-14T06:54:09+00:00","dateModified":"2025-08-13T04:12:13+00:00","breadcrumb":{"@id":"https:\/\/winwinforwork.org\/fr\/adhesion-personnes\/#breadcrumb"},"inLanguage":"fr-FR","potentialAction":[{"@type":"ReadAction","target":["https:\/\/winwinforwork.org\/fr\/adhesion-personnes\/"]}]},{"@type":"BreadcrumbList","@id":"https:\/\/winwinforwork.org\/fr\/adhesion-personnes\/#breadcrumb","itemListElement":[{"@type":"ListItem","position":1,"name":"Page d'accueil","item":"https:\/\/winwinforwork.org\/fr\/accueil\/"},{"@type":"ListItem","position":2,"name":"Adh\u00e9sion personnes"}]},{"@type":"WebSite","@id":"https:\/\/winwinforwork.org\/fr\/#website","url":"https:\/\/winwinforwork.org\/fr\/","name":"WIN-WIN FOR WORK | Change Management und Transformation als AI Service","description":"Erfahren Sie, wie Change Management durch KI-Services revolutioniert wird und welche Rolle der Wandel in modernen Unternehmen spielt.","publisher":{"@id":"https:\/\/winwinforwork.org\/fr\/#organization"},"alternateName":"POWER DUCK DER CHANGE MASTER ALS AI SERVICE","potentialAction":[{"@type":"SearchAction","target":{"@type":"EntryPoint","urlTemplate":"https:\/\/winwinforwork.org\/fr\/?s={search_term_string}"},"query-input":{"@type":"PropertyValueSpecification","valueRequired":true,"valueName":"search_term_string"}}],"inLanguage":"fr-FR"},{"@type":"Organization","@id":"https:\/\/winwinforwork.org\/fr\/#organization","name":"GAGNANT-GAGNANT POUR LE TRAVAIL","url":"https:\/\/winwinforwork.org\/fr\/","logo":{"@type":"ImageObject","inLanguage":"fr-FR","@id":"https:\/\/winwinforwork.org\/fr\/#\/schema\/logo\/image\/","url":"https:\/\/winwinforwork.org\/wp-content\/uploads\/2024\/06\/logo-2.png","contentUrl":"https:\/\/winwinforwork.org\/wp-content\/uploads\/2024\/06\/logo-2.png","width":1500,"height":800,"caption":"GAGNANT-GAGNANT POUR LE TRAVAIL"},"image":{"@id":"https:\/\/winwinforwork.org\/fr\/#\/schema\/logo\/image\/"},"sameAs":["https:\/\/www.linkedin.com\/company\/winwinforwork-gmbh\/","https:\/\/www.instagram.com\/winwinforwork\/"]}]}},"_links":{"self":[{"href":"https:\/\/winwinforwork.org\/fr\/wp-json\/wp\/v2\/pages\/5447","targetHints":{"allow":["GET"]}}],"collection":[{"href":"https:\/\/winwinforwork.org\/fr\/wp-json\/wp\/v2\/pages"}],"about":[{"href":"https:\/\/winwinforwork.org\/fr\/wp-json\/wp\/v2\/types\/page"}],"author":[{"embeddable":true,"href":"https:\/\/winwinforwork.org\/fr\/wp-json\/wp\/v2\/users\/2"}],"replies":[{"embeddable":true,"href":"https:\/\/winwinforwork.org\/fr\/wp-json\/wp\/v2\/comments?post=5447"}],"version-history":[{"count":1,"href":"https:\/\/winwinforwork.org\/fr\/wp-json\/wp\/v2\/pages\/5447\/revisions"}],"predecessor-version":[{"id":5450,"href":"https:\/\/winwinforwork.org\/fr\/wp-json\/wp\/v2\/pages\/5447\/revisions\/5450"}],"wp:attachment":[{"href":"https:\/\/winwinforwork.org\/fr\/wp-json\/wp\/v2\/media?parent=5447"}],"curies":[{"name":"wp","href":"https:\/\/api.w.org\/{rel}","templated":true}]}}